{"id":2487,"date":"2020-06-15T13:45:39","date_gmt":"2020-06-15T13:45:39","guid":{"rendered":"https:\/\/www.tiensesuiker.com\/trucs-astuces-faire-des-gateaux\/"},"modified":"2025-03-24T09:44:30","modified_gmt":"2025-03-24T09:44:30","slug":"trucs-astuces-faire-des-gateaux","status":"publish","type":"page","link":"https:\/\/www.tiensesuiker.com\/fr\/trucs-astuces-faire-des-gateaux\/","title":{"rendered":"Trucs &#038; astuces &#8211; Faire des g\u00e2teaux"},"content":{"rendered":"\t\t<div data-elementor-type=\"wp-page\" data-elementor-id=\"2487\" class=\"elementor elementor-2487 elementor-1147\" data-elementor-post-type=\"page\">\n\t\t\t\t\t\t<section class=\"elementor-section elementor-top-section elementor-element elementor-element-9da15d1 elementor-section-boxed elementor-section-height-default elementor-section-height-default\" data-id=\"9da15d1\" data-element_type=\"section\" data-e-type=\"section\">\n\t\t\t\t\t\t<div class=\"elementor-container elementor-column-gap-default\">\n\t\t\t\t\t<div class=\"elementor-column elementor-col-20 elementor-top-column elementor-element elementor-element-c7749c5\" data-id=\"c7749c5\" data-element_type=\"column\" data-e-type=\"column\">\n\t\t\t<div class=\"elementor-widget-wrap\">\n\t\t\t\t\t\t\t<\/div>\n\t\t<\/div>\n\t\t\t\t<div class=\"elementor-column elementor-col-20 elementor-top-column elementor-element elementor-element-f8eb9ae\" data-id=\"f8eb9ae\" data-element_type=\"column\" data-e-type=\"column\">\n\t\t\t<div class=\"elementor-widget-wrap elementor-element-populated\">\n\t\t\t\t\t\t<div class=\"elementor-element elementor-element-01076a9 ts-switch elementor-absolute elementor-hidden-phone elementor-widget elementor-widget-html\" data-id=\"01076a9\" data-element_type=\"widget\" data-e-type=\"widget\" data-settings=\"{&quot;_position&quot;:&quot;absolute&quot;}\" data-widget_type=\"html.default\">\n\t\t\t\t<div class=\"elementor-widget-container\">\n\t\t\t\t\t<img decoding=\"async\" id=\"ts-light\" src=\"\/wp-content\/uploads\/2020\/06\/Light_Bulb_Turn_off-1.gif\">\t\t\t\t<\/div>\n\t\t\t\t<\/div>\n\t\t\t\t\t<\/div>\n\t\t<\/div>\n\t\t\t\t<div class=\"elementor-column elementor-col-20 elementor-top-column elementor-element elementor-element-7957faa\" data-id=\"7957faa\" data-element_type=\"column\" data-e-type=\"column\">\n\t\t\t<div class=\"elementor-widget-wrap elementor-element-populated\">\n\t\t\t\t\t\t<div class=\"elementor-element elementor-element-326d5c6 elementor-widget elementor-widget-heading\" data-id=\"326d5c6\" data-element_type=\"widget\" data-e-type=\"widget\" data-widget_type=\"heading.default\">\n\t\t\t\t<div class=\"elementor-widget-container\">\n\t\t\t\t\t<h1 class=\"elementor-heading-title elementor-size-default\">Trucs &amp; astuces<br><span class=\"title-cursive\" style=\"font-size:0.8em\">Faire des g\u00e2teaux<\/span><\/h1>\t\t\t\t<\/div>\n\t\t\t\t<\/div>\n\t\t\t\t\t<\/div>\n\t\t<\/div>\n\t\t\t\t<div class=\"elementor-column elementor-col-20 elementor-top-column elementor-element elementor-element-fed69cb elementor-hidden-tablet elementor-hidden-phone\" data-id=\"fed69cb\" data-element_type=\"column\" data-e-type=\"column\">\n\t\t\t<div class=\"elementor-widget-wrap elementor-element-populated\">\n\t\t\t\t\t\t<div class=\"elementor-element elementor-element-ee7ebbe ts-switch elementor-widget elementor-widget-image\" data-id=\"ee7ebbe\" data-element_type=\"widget\" data-e-type=\"widget\" data-widget_type=\"image.default\">\n\t\t\t\t<div class=\"elementor-widget-container\">\n\t\t\t\t\t\t\t\t\t\t\t\t\t\t\t<img decoding=\"async\" width=\"25\" height=\"262\" src=\"https:\/\/www.tiensesuiker.com\/wp-content\/uploads\/2020\/06\/LightSwitch.png\" class=\"elementor-animation-grow attachment-large size-large wp-image-2996\" alt=\"\" \/>\t\t\t\t\t\t\t\t\t\t\t\t\t\t\t<\/div>\n\t\t\t\t<\/div>\n\t\t\t\t\t<\/div>\n\t\t<\/div>\n\t\t\t\t<div class=\"elementor-column elementor-col-20 elementor-top-column elementor-element elementor-element-5239a81\" data-id=\"5239a81\" data-element_type=\"column\" data-e-type=\"column\">\n\t\t\t<div class=\"elementor-widget-wrap\">\n\t\t\t\t\t\t\t<\/div>\n\t\t<\/div>\n\t\t\t\t\t<\/div>\n\t\t<\/section>\n\t\t\t\t<section class=\"elementor-section elementor-top-section elementor-element elementor-element-ca06bef elementor-reverse-tablet elementor-reverse-mobile elementor-section-boxed elementor-section-height-default elementor-section-height-default\" data-id=\"ca06bef\" data-element_type=\"section\" data-e-type=\"section\">\n\t\t\t\t\t\t<div class=\"elementor-container elementor-column-gap-default\">\n\t\t\t\t\t<div class=\"elementor-column elementor-col-50 elementor-top-column elementor-element elementor-element-92363f9\" data-id=\"92363f9\" data-element_type=\"column\" data-e-type=\"column\" data-settings=\"{&quot;background_background&quot;:&quot;classic&quot;}\">\n\t\t\t<div class=\"elementor-widget-wrap elementor-element-populated\">\n\t\t\t\t\t\t<div class=\"elementor-element elementor-element-4aa6576 elementor-widget elementor-widget-text-editor\" data-id=\"4aa6576\" data-element_type=\"widget\" data-e-type=\"widget\" data-widget_type=\"text-editor.default\">\n\t\t\t\t<div class=\"elementor-widget-container\">\n\t\t\t\t\t\t\t\t\t<p>Saviez-vous que vous pouvez parfaitement mettre votre p\u00e2te \u00e0 g\u00e2teau au cong\u00e9lateur\u00a0? Cela peut \u00eatre utile aux moments o\u00f9 vous avez vraiment le temps de pr\u00e9parer de la p\u00e2te. Dans ces cas-l\u00e0, faites-en un peu plus. C&rsquo;est un petit effort et vous \u00e9conomiserez beaucoup de temps la prochaine fois.<\/p><p>Comment conserver votre p\u00e2te \u00e0 g\u00e2teau\u00a0?<\/p><ul><li>enveloppez bien la p\u00e2te \u00e0 g\u00e2teau dans du film alimentaire avant de la mettre au cong\u00e9lateur ;<\/li><li>cela permet d\u2019\u00e9viter l\u2019infiltration d\u2019air et la d\u00e9shydratation de la p\u00e2te ;<\/li><li>d\u00e9congelez la p\u00e2te dans votre r\u00e9frig\u00e9rateur au moins 24 heures avant utilisation.<\/li><\/ul>\t\t\t\t\t\t\t\t<\/div>\n\t\t\t\t<\/div>\n\t\t\t\t\t<\/div>\n\t\t<\/div>\n\t\t\t\t<div class=\"elementor-column elementor-col-50 elementor-top-column elementor-element elementor-element-0cbb752\" data-id=\"0cbb752\" data-element_type=\"column\" data-e-type=\"column\" data-settings=\"{&quot;background_background&quot;:&quot;classic&quot;}\">\n\t\t\t<div class=\"elementor-widget-wrap elementor-element-populated\">\n\t\t\t\t\t\t<div class=\"elementor-element elementor-element-e2739f1 elementor-widget elementor-widget-heading\" data-id=\"e2739f1\" data-element_type=\"widget\" data-e-type=\"widget\" data-widget_type=\"heading.default\">\n\t\t\t\t<div class=\"elementor-widget-container\">\n\t\t\t\t\t<h2 class=\"elementor-heading-title elementor-size-default\">Au secours, ma p\u00e2te s\u2019effrite !<\/h2>\t\t\t\t<\/div>\n\t\t\t\t<\/div>\n\t\t\t\t<div class=\"elementor-element elementor-element-1888dce elementor-widget elementor-widget-text-editor\" data-id=\"1888dce\" data-element_type=\"widget\" data-e-type=\"widget\" data-widget_type=\"text-editor.default\">\n\t\t\t\t<div class=\"elementor-widget-container\">\n\t\t\t\t\t\t\t\t\t<p>\u00c7a vous est \u00e9galement d\u00e9j\u00e0 arriv\u00e9 ? Que votre p\u00e2te s\u2019\u00e9miette toujours d\u00e8s que vous la mettez dans le moule ? Vous pouvez \u00e9viter ce probl\u00e8me en pla\u00e7ant la p\u00e2te au r\u00e9frig\u00e9rateur avant de l&rsquo;utiliser. Le beurre dans la p\u00e2te se solidifiera, ce qui rend la p\u00e2te plus ferme et moins susceptible de s\u2019\u00e9mietter.<\/p><p>Si vous avez peu de temps pour faire un g\u00e2teau, faites la p\u00e2te \u00e0 l&rsquo;avance. Mettez la p\u00e2te dans un moule \u00e0 g\u00e2teau, recouvrez le tout de film alimentaire et congelez le moule \u00e0 g\u00e2teau. Cela vous fera gagner du temps plus tard. Notez que si vous vous appr\u00eatez \u00e0 faire un g\u00e2teau, vous pouvez imm\u00e9diatement utiliser le moule \u00e0 g\u00e2teau congel\u00e9. Pas besoin de le d\u00e9congeler \u00e0 l\u2019avance.<\/p>\t\t\t\t\t\t\t\t<\/div>\n\t\t\t\t<\/div>\n\t\t\t\t\t<\/div>\n\t\t<\/div>\n\t\t\t\t\t<\/div>\n\t\t<\/section>\n\t\t\t\t<section class=\"elementor-section elementor-top-section elementor-element elementor-element-20e20cd elementor-reverse-tablet elementor-reverse-mobile elementor-section-boxed elementor-section-height-default elementor-section-height-default\" data-id=\"20e20cd\" data-element_type=\"section\" data-e-type=\"section\">\n\t\t\t\t\t\t<div class=\"elementor-container elementor-column-gap-default\">\n\t\t\t\t\t<div class=\"elementor-column elementor-col-50 elementor-top-column elementor-element elementor-element-f387648\" data-id=\"f387648\" data-element_type=\"column\" data-e-type=\"column\" data-settings=\"{&quot;background_background&quot;:&quot;classic&quot;}\">\n\t\t\t<div class=\"elementor-widget-wrap elementor-element-populated\">\n\t\t\t\t\t\t<div class=\"elementor-element elementor-element-6d72e87 elementor-widget elementor-widget-heading\" data-id=\"6d72e87\" data-element_type=\"widget\" data-e-type=\"widget\" data-widget_type=\"heading.default\">\n\t\t\t\t<div class=\"elementor-widget-container\">\n\t\t\t\t\t<h2 class=\"elementor-heading-title elementor-size-default\">Cuisson \u00e0 l\u2019aveugle<\/h2>\t\t\t\t<\/div>\n\t\t\t\t<\/div>\n\t\t\t\t<section class=\"elementor-section elementor-inner-section elementor-element elementor-element-71beac6 elementor-section-boxed elementor-section-height-default elementor-section-height-default\" data-id=\"71beac6\" data-element_type=\"section\" data-e-type=\"section\">\n\t\t\t\t\t\t<div class=\"elementor-container elementor-column-gap-default\">\n\t\t\t\t\t<div class=\"elementor-column elementor-col-100 elementor-inner-column elementor-element elementor-element-fd9ccc3\" data-id=\"fd9ccc3\" data-element_type=\"column\" data-e-type=\"column\">\n\t\t\t<div class=\"elementor-widget-wrap elementor-element-populated\">\n\t\t\t\t\t\t<div class=\"elementor-element elementor-element-3c86630 elementor-widget elementor-widget-text-editor\" data-id=\"3c86630\" data-element_type=\"widget\" data-e-type=\"widget\" data-widget_type=\"text-editor.default\">\n\t\t\t\t<div class=\"elementor-widget-container\">\n\t\t\t\t\t\t\t\t\t<p>Pour \u00eatre s\u00fbr que votre base de g\u00e2teau sera compl\u00e8tement cuite lorsqu&rsquo;elle sortira du four, vous pouvez d&rsquo;abord la faire cuire \u00e0 l&rsquo;aveugle. Vous avez dit cuire \u00e0 l\u2019aveugle\u00a0? Eh oui, fermez les yeux et &#8230; Non, nous plaisantons. La cuisson \u00e0 l&rsquo;aveugle est la pr\u00e9-cuisson de la p\u00e2te, avec une \u00ab\u00a0garniture aveugle\u00a0\u00bb, comme du riz ou des l\u00e9gumineuses s\u00e9ch\u00e9es.<\/p><p>La cuisson \u00e0 l\u2019aveugle fonctionne comme suit\u00a0:<\/p><ul><li>couvrez le moule avec la p\u00e2te\u00a0;<\/li><li>piquez une fourchette dans la p\u00e2te puis recouvrez-la de papier sulfuris\u00e9\u00a0;<\/li><li>remplissez le moule avec la \u2018garniture aveugle\u2019\u00a0;<\/li><li>placez le moule avec la garniture aveugle dans un four pr\u00e9chauff\u00e9 \u00e0 180 degr\u00e9s pendant environ 10 \u00e0 15 minutes.<\/li><\/ul><p>L&rsquo;amour passe non seulement par l&rsquo;estomac, le plaisir des yeux compte aussi. Prenez donc le temps de bien soigner la pr\u00e9sentation de votre g\u00e2teau ou votre cake maison. D\u00e9corez l&rsquo;assiette avec un peu de sauce, une feuille de menthe, une poign\u00e9e de fruits frais finement coup\u00e9s ou de noix hach\u00e9es. Plus il y a de textures et de couleurs, plus beau sera le r\u00e9sultat.<\/p>\t\t\t\t\t\t\t\t<\/div>\n\t\t\t\t<\/div>\n\t\t\t\t\t<\/div>\n\t\t<\/div>\n\t\t\t\t\t<\/div>\n\t\t<\/section>\n\t\t\t\t\t<\/div>\n\t\t<\/div>\n\t\t\t\t<div class=\"elementor-column elementor-col-50 elementor-top-column elementor-element elementor-element-0d66831\" data-id=\"0d66831\" data-element_type=\"column\" data-e-type=\"column\" data-settings=\"{&quot;background_background&quot;:&quot;classic&quot;}\">\n\t\t\t<div class=\"elementor-widget-wrap elementor-element-populated\">\n\t\t\t\t\t\t<div class=\"elementor-element elementor-element-9425a7b elementor-widget elementor-widget-image\" data-id=\"9425a7b\" data-element_type=\"widget\" data-e-type=\"widget\" data-widget_type=\"image.default\">\n\t\t\t\t<div class=\"elementor-widget-container\">\n\t\t\t\t\t\t\t\t\t\t\t\t\t\t\t<img fetchpriority=\"high\" decoding=\"async\" width=\"660\" height=\"602\" src=\"https:\/\/www.tiensesuiker.com\/wp-content\/uploads\/2020\/04\/OnsIdeaal-Packshot.png\" class=\"attachment-large size-large wp-image-532\" alt=\"Ons Ideaal Packshot\" srcset=\"https:\/\/www.tiensesuiker.com\/wp-content\/uploads\/2020\/04\/OnsIdeaal-Packshot.png 660w, https:\/\/www.tiensesuiker.com\/wp-content\/uploads\/2020\/04\/OnsIdeaal-Packshot-300x274.png 300w\" sizes=\"(max-width: 660px) 100vw, 660px\" \/>\t\t\t\t\t\t\t\t\t\t\t\t\t\t\t<\/div>\n\t\t\t\t<\/div>\n\t\t\t\t\t<\/div>\n\t\t<\/div>\n\t\t\t\t\t<\/div>\n\t\t<\/section>\n\t\t\t\t<\/div>\n\t\t","protected":false},"excerpt":{"rendered":"<p>Trucs &#038; astucesFaire des g\u00e2teaux Saviez-vous que vous pouvez parfaitement mettre votre p\u00e2te \u00e0 g\u00e2teau au cong\u00e9lateur\u00a0? Cela peut \u00eatre utile aux moments o\u00f9 vous avez vraiment le temps de pr\u00e9parer de la p\u00e2te. Dans ces cas-l\u00e0, faites-en un peu plus. C&rsquo;est un petit effort et vous \u00e9conomiserez beaucoup de temps la prochaine fois. Comment [&hellip;]<\/p>\n","protected":false},"author":2,"featured_media":0,"parent":0,"menu_order":0,"comment_status":"closed","ping_status":"closed","template":"elementor_header_footer","meta":{"_acf_changed":false,"footnotes":""},"class_list":["post-2487","page","type-page","status-publish","hentry"],"acf":[],"yoast_head":"<!-- This site is optimized with the Yoast SEO plugin v27.5 - https:\/\/yoast.com\/product\/yoast-seo-wordpress\/ -->\n<title>Trucs &amp; astuces - Faire des g\u00e2teaux - Sucres de Tirlemont<\/title>\n<meta name=\"robots\" content=\"index, follow, max-snippet:-1, max-image-preview:large, max-video-preview:-1\" \/>\n<link rel=\"canonical\" href=\"https:\/\/www.tiensesuiker.com\/fr\/trucs-astuces-faire-des-gateaux\/\" \/>\n<meta property=\"og:locale\" content=\"fr_FR\" \/>\n<meta property=\"og:type\" content=\"article\" \/>\n<meta property=\"og:title\" content=\"Trucs &amp; astuces - Faire des g\u00e2teaux - Sucres de Tirlemont\" \/>\n<meta property=\"og:description\" content=\"Trucs &#038; astucesFaire des g\u00e2teaux Saviez-vous que vous pouvez parfaitement mettre votre p\u00e2te \u00e0 g\u00e2teau au cong\u00e9lateur\u00a0? Cela peut \u00eatre utile aux moments o\u00f9 vous avez vraiment le temps de pr\u00e9parer de la p\u00e2te. Dans ces cas-l\u00e0, faites-en un peu plus. C&rsquo;est un petit effort et vous \u00e9conomiserez beaucoup de temps la prochaine fois. Comment [&hellip;]\" \/>\n<meta property=\"og:url\" content=\"https:\/\/www.tiensesuiker.com\/fr\/trucs-astuces-faire-des-gateaux\/\" \/>\n<meta property=\"og:site_name\" content=\"Sucres de Tirlemont\" \/>\n<meta property=\"article:modified_time\" content=\"2025-03-24T09:44:30+00:00\" \/>\n<meta property=\"og:image\" content=\"https:\/\/www.tiensesuiker.com\/wp-content\/uploads\/2020\/06\/LightSwitch.png\" \/>\n<meta name=\"twitter:card\" content=\"summary_large_image\" \/>\n<meta name=\"twitter:label1\" content=\"Dur\u00e9e de lecture estim\u00e9e\" \/>\n\t<meta name=\"twitter:data1\" content=\"3 minutes\" \/>\n<script type=\"application\/ld+json\" class=\"yoast-schema-graph\">{\"@context\":\"https:\\\/\\\/schema.org\",\"@graph\":[{\"@type\":\"WebPage\",\"@id\":\"https:\\\/\\\/www.tiensesuiker.com\\\/fr\\\/trucs-astuces-faire-des-gateaux\\\/\",\"url\":\"https:\\\/\\\/www.tiensesuiker.com\\\/fr\\\/trucs-astuces-faire-des-gateaux\\\/\",\"name\":\"Trucs & astuces - Faire des g\u00e2teaux - Sucres de Tirlemont\",\"isPartOf\":{\"@id\":\"https:\\\/\\\/www.tiensesuiker.com\\\/fr\\\/#website\"},\"primaryImageOfPage\":{\"@id\":\"https:\\\/\\\/www.tiensesuiker.com\\\/fr\\\/trucs-astuces-faire-des-gateaux\\\/#primaryimage\"},\"image\":{\"@id\":\"https:\\\/\\\/www.tiensesuiker.com\\\/fr\\\/trucs-astuces-faire-des-gateaux\\\/#primaryimage\"},\"thumbnailUrl\":\"https:\\\/\\\/www.tiensesuiker.com\\\/wp-content\\\/uploads\\\/2020\\\/06\\\/LightSwitch.png\",\"datePublished\":\"2020-06-15T13:45:39+00:00\",\"dateModified\":\"2025-03-24T09:44:30+00:00\",\"breadcrumb\":{\"@id\":\"https:\\\/\\\/www.tiensesuiker.com\\\/fr\\\/trucs-astuces-faire-des-gateaux\\\/#breadcrumb\"},\"inLanguage\":\"fr-FR\",\"potentialAction\":[{\"@type\":\"ReadAction\",\"target\":[\"https:\\\/\\\/www.tiensesuiker.com\\\/fr\\\/trucs-astuces-faire-des-gateaux\\\/\"]}]},{\"@type\":\"ImageObject\",\"inLanguage\":\"fr-FR\",\"@id\":\"https:\\\/\\\/www.tiensesuiker.com\\\/fr\\\/trucs-astuces-faire-des-gateaux\\\/#primaryimage\",\"url\":\"https:\\\/\\\/www.tiensesuiker.com\\\/wp-content\\\/uploads\\\/2020\\\/06\\\/LightSwitch.png\",\"contentUrl\":\"https:\\\/\\\/www.tiensesuiker.com\\\/wp-content\\\/uploads\\\/2020\\\/06\\\/LightSwitch.png\"},{\"@type\":\"BreadcrumbList\",\"@id\":\"https:\\\/\\\/www.tiensesuiker.com\\\/fr\\\/trucs-astuces-faire-des-gateaux\\\/#breadcrumb\",\"itemListElement\":[{\"@type\":\"ListItem\",\"position\":1,\"name\":\"Home\",\"item\":\"https:\\\/\\\/www.tiensesuiker.com\\\/fr\\\/\"},{\"@type\":\"ListItem\",\"position\":2,\"name\":\"Trucs &#038; astuces &#8211; Faire des g\u00e2teaux\"}]},{\"@type\":\"WebSite\",\"@id\":\"https:\\\/\\\/www.tiensesuiker.com\\\/fr\\\/#website\",\"url\":\"https:\\\/\\\/www.tiensesuiker.com\\\/fr\\\/\",\"name\":\"Sucres de Tirlemont\",\"description\":\"\",\"potentialAction\":[{\"@type\":\"SearchAction\",\"target\":{\"@type\":\"EntryPoint\",\"urlTemplate\":\"https:\\\/\\\/www.tiensesuiker.com\\\/fr\\\/?s={search_term_string}\"},\"query-input\":{\"@type\":\"PropertyValueSpecification\",\"valueRequired\":true,\"valueName\":\"search_term_string\"}}],\"inLanguage\":\"fr-FR\"}]}<\/script>\n<!-- \/ Yoast SEO plugin. -->","yoast_head_json":{"title":"Trucs & astuces - Faire des g\u00e2teaux - Sucres de Tirlemont","robots":{"index":"index","follow":"follow","max-snippet":"max-snippet:-1","max-image-preview":"max-image-preview:large","max-video-preview":"max-video-preview:-1"},"canonical":"https:\/\/www.tiensesuiker.com\/fr\/trucs-astuces-faire-des-gateaux\/","og_locale":"fr_FR","og_type":"article","og_title":"Trucs & astuces - Faire des g\u00e2teaux - Sucres de Tirlemont","og_description":"Trucs &#038; astucesFaire des g\u00e2teaux Saviez-vous que vous pouvez parfaitement mettre votre p\u00e2te \u00e0 g\u00e2teau au cong\u00e9lateur\u00a0? Cela peut \u00eatre utile aux moments o\u00f9 vous avez vraiment le temps de pr\u00e9parer de la p\u00e2te. Dans ces cas-l\u00e0, faites-en un peu plus. C&rsquo;est un petit effort et vous \u00e9conomiserez beaucoup de temps la prochaine fois. Comment [&hellip;]","og_url":"https:\/\/www.tiensesuiker.com\/fr\/trucs-astuces-faire-des-gateaux\/","og_site_name":"Sucres de Tirlemont","article_modified_time":"2025-03-24T09:44:30+00:00","og_image":[{"url":"https:\/\/www.tiensesuiker.com\/wp-content\/uploads\/2020\/06\/LightSwitch.png","type":"","width":"","height":""}],"twitter_card":"summary_large_image","twitter_misc":{"Dur\u00e9e de lecture estim\u00e9e":"3 minutes"},"schema":{"@context":"https:\/\/schema.org","@graph":[{"@type":"WebPage","@id":"https:\/\/www.tiensesuiker.com\/fr\/trucs-astuces-faire-des-gateaux\/","url":"https:\/\/www.tiensesuiker.com\/fr\/trucs-astuces-faire-des-gateaux\/","name":"Trucs & astuces - Faire des g\u00e2teaux - Sucres de Tirlemont","isPartOf":{"@id":"https:\/\/www.tiensesuiker.com\/fr\/#website"},"primaryImageOfPage":{"@id":"https:\/\/www.tiensesuiker.com\/fr\/trucs-astuces-faire-des-gateaux\/#primaryimage"},"image":{"@id":"https:\/\/www.tiensesuiker.com\/fr\/trucs-astuces-faire-des-gateaux\/#primaryimage"},"thumbnailUrl":"https:\/\/www.tiensesuiker.com\/wp-content\/uploads\/2020\/06\/LightSwitch.png","datePublished":"2020-06-15T13:45:39+00:00","dateModified":"2025-03-24T09:44:30+00:00","breadcrumb":{"@id":"https:\/\/www.tiensesuiker.com\/fr\/trucs-astuces-faire-des-gateaux\/#breadcrumb"},"inLanguage":"fr-FR","potentialAction":[{"@type":"ReadAction","target":["https:\/\/www.tiensesuiker.com\/fr\/trucs-astuces-faire-des-gateaux\/"]}]},{"@type":"ImageObject","inLanguage":"fr-FR","@id":"https:\/\/www.tiensesuiker.com\/fr\/trucs-astuces-faire-des-gateaux\/#primaryimage","url":"https:\/\/www.tiensesuiker.com\/wp-content\/uploads\/2020\/06\/LightSwitch.png","contentUrl":"https:\/\/www.tiensesuiker.com\/wp-content\/uploads\/2020\/06\/LightSwitch.png"},{"@type":"BreadcrumbList","@id":"https:\/\/www.tiensesuiker.com\/fr\/trucs-astuces-faire-des-gateaux\/#breadcrumb","itemListElement":[{"@type":"ListItem","position":1,"name":"Home","item":"https:\/\/www.tiensesuiker.com\/fr\/"},{"@type":"ListItem","position":2,"name":"Trucs &#038; astuces &#8211; Faire des g\u00e2teaux"}]},{"@type":"WebSite","@id":"https:\/\/www.tiensesuiker.com\/fr\/#website","url":"https:\/\/www.tiensesuiker.com\/fr\/","name":"Sucres de Tirlemont","description":"","potentialAction":[{"@type":"SearchAction","target":{"@type":"EntryPoint","urlTemplate":"https:\/\/www.tiensesuiker.com\/fr\/?s={search_term_string}"},"query-input":{"@type":"PropertyValueSpecification","valueRequired":true,"valueName":"search_term_string"}}],"inLanguage":"fr-FR"}]}},"_links":{"self":[{"href":"https:\/\/www.tiensesuiker.com\/fr\/wp-json\/wp\/v2\/pages\/2487","targetHints":{"allow":["GET"]}}],"collection":[{"href":"https:\/\/www.tiensesuiker.com\/fr\/wp-json\/wp\/v2\/pages"}],"about":[{"href":"https:\/\/www.tiensesuiker.com\/fr\/wp-json\/wp\/v2\/types\/page"}],"author":[{"embeddable":true,"href":"https:\/\/www.tiensesuiker.com\/fr\/wp-json\/wp\/v2\/users\/2"}],"replies":[{"embeddable":true,"href":"https:\/\/www.tiensesuiker.com\/fr\/wp-json\/wp\/v2\/comments?post=2487"}],"version-history":[{"count":3,"href":"https:\/\/www.tiensesuiker.com\/fr\/wp-json\/wp\/v2\/pages\/2487\/revisions"}],"predecessor-version":[{"id":13242,"href":"https:\/\/www.tiensesuiker.com\/fr\/wp-json\/wp\/v2\/pages\/2487\/revisions\/13242"}],"wp:attachment":[{"href":"https:\/\/www.tiensesuiker.com\/fr\/wp-json\/wp\/v2\/media?parent=2487"}],"curies":[{"name":"wp","href":"https:\/\/api.w.org\/{rel}","templated":true}]}}